{"id":1083,"date":"2023-05-26T18:16:27","date_gmt":"2023-05-26T16:16:27","guid":{"rendered":"https:\/\/thinksmartlaw.es\/team\/blanca-cortes\/"},"modified":"2023-06-02T15:22:17","modified_gmt":"2023-06-02T13:22:17","slug":"blanca-cortes","status":"publish","type":"page","link":"https:\/\/thinksmartlaw.es\/en\/team\/blanca-cortes\/","title":{"rendered":"Blanca Cort\u00e9s"},"content":{"rendered":"\n<style type=\"text\/css\" data-created_by=\"avia_inline_auto\" id=\"style-css-av-li4rjev0-eff66df5cec85b286230f423f05903ef\">\n#top .av-special-heading.av-li4rjev0-eff66df5cec85b286230f423f05903ef{\npadding-bottom:10px;\n}\nbody .av-special-heading.av-li4rjev0-eff66df5cec85b286230f423f05903ef .av-special-heading-tag .heading-char{\nfont-size:25px;\n}\n.av-special-heading.av-li4rjev0-eff66df5cec85b286230f423f05903ef .av-subheading{\nfont-size:15px;\n}\n<\/style>\n<div  class='av-special-heading av-li4rjev0-eff66df5cec85b286230f423f05903ef av-special-heading-h1  avia-builder-el-0  el_before_av_two_third  avia-builder-el-first '><h1 class='av-special-heading-tag'  itemprop=\"headline\"  >Blanca Cort\u00e9s<\/h1><div class=\"special-heading-border\"><div class=\"special-heading-inner-border\"><\/div><\/div><\/div>\n\n<style type=\"text\/css\" data-created_by=\"avia_inline_auto\" id=\"style-css-av-av_two_third-79ff81c021393065cee878051452f6a6\">\n.flex_column.av-av_two_third-79ff81c021393065cee878051452f6a6{\n-webkit-border-radius:0px 0px 0px 0px;\n-moz-border-radius:0px 0px 0px 0px;\nborder-radius:0px 0px 0px 0px;\npadding:0px 0px 0px 0px;\n}\n<\/style>\n<div  class='flex_column av-av_two_third-79ff81c021393065cee878051452f6a6 av_two_third  avia-builder-el-1  el_after_av_heading  el_before_av_one_third  first flex_column_div av-zero-column-padding  '     ><style type=\"text\/css\" data-created_by=\"avia_inline_auto\" id=\"style-css-av-li4rkrn4-6693b1f658a6058de394ea33bf4dac14\">\n#top .av_textblock_section.av-li4rkrn4-6693b1f658a6058de394ea33bf4dac14 .avia_textblock{\n-webkit-column-count:2;\n-moz-column-count:2;\ncolumn-count:2;\n}\n<\/style>\n<section  class='av_textblock_section av-li4rkrn4-6693b1f658a6058de394ea33bf4dac14 '   itemscope=\"itemscope\" itemtype=\"https:\/\/schema.org\/CreativeWork\" ><div class='avia_textblock av_multi_colums'  itemprop=\"text\" ><p><strong>Partner \/ Abogada<\/strong><\/p>\n<p><em>More than 20 years of experience in intellectual property law<\/em><\/p>\n<p>Blanca Cort\u00e9s has more than 20 years of experience in the practice of intellectual and industrial property law, advertising, unfair competition, privacy, honor and image, as well as in technological services agreements. Her experience also includes representation in pre-litigation and judicial proceedings.<\/p>\n<p>Among the clients she advises are art galleries, architecture studios, TVs, radios, production companies, infrastructure companies, artists, trademark holders, mass market companies, digital platforms, software developers and startups at national and international level.<\/p>\n<p>Blanca has developed her career in the Spanish Society of Authors and Editors (SGAE), as well as in prestigious national and international law firms such as DLA PIPER and CMS Albi\u00f1ana &#038; Su\u00e1rez de Lezo. Prior to joining ThinkSmartLaw, Blanca was a consulting partner at ROCA JUNYENT, where she led the intellectual property &#038; digital business department of its Madrid office.<\/p>\n<p>Blanca has been a guest lecturer\/professor at the UAM, ETSAM, ICADE, Carlos III, Instituto de Empresa (IE), Factor\u00eda Cultural, Fundaci\u00f3n Banco Santander, Universidad de Bellas Artes, IED, Madrid Design Festival, Fundaci\u00f3n ADDA Art, among others. Blanca\u2019s lecturing practice stands out for her knowledge of the relationship between intellectual property, architecture and contemporary art.<\/p>\n<p>She has authored several publications, including, among others: Comments to unification of doctrine judgments (civil and commercial). Right to oblivion. Ediciones Dykinson; Comments to unification of doctrine judgments (civil and commercial). Statute of limitations of trademarks in continued unlawful acts. Ediciones Dykinson; Procedure for the alleged infringement of intellectual property rights, transformation of a musical work and its subsequent synchronization in an advertisement. Wolters Kluwer; Commercial Practice for Lawyers. Jurisprudential evolution of the right of public communication. Wolters Kluwer; Legal study on the protection of works generated by artificial intelligence systems. Actualidad &#8211; Nuevas Tecnolog\u00edas 2021. Tirant lo Blanch; Video games contents. Legal issues. Aranzadi; NFT&#8217;s practical guide (co-author). Alastria.<\/p>\n<p>She is also a co-founder of ALTTRA Foundation, a non-profit organization whose main mission is bringing contemporary art to the Balearic Islands in order to place it at the center of its inhabitants and visitors lifes, and of CAMPING, an initiative that opens the space of the Madrid gallery NF\/NIEVES FERN\u00c1NDEZ to various cultural actors, so that they can develop and exhibit their projects and creations in its space.<\/p>\n<p>Since 2013, Blanca has been consistently selected by the publications Chambers Europe\/Global and Best Lawyers among the best lawyers in her areas of practice, being highlighted in Band 2 (copyright).<\/p>\n<p>Blanca speaks Spanish, Catalan and English<\/p>\n<\/div><\/section><\/div>\n\n<style type=\"text\/css\" data-created_by=\"avia_inline_auto\" id=\"style-css-av-av_one_third-49f6e875884219cf77c24341e550af53\">\n.flex_column.av-av_one_third-49f6e875884219cf77c24341e550af53{\n-webkit-border-radius:0px 0px 0px 0px;\n-moz-border-radius:0px 0px 0px 0px;\nborder-radius:0px 0px 0px 0px;\npadding:0px 0px 0px 0px;\n}\n<\/style>\n<div  class='flex_column av-av_one_third-49f6e875884219cf77c24341e550af53 av_one_third  avia-builder-el-3  el_after_av_two_third  el_before_av_hr  flex_column_div av-zero-column-padding  '     ><p>\n<style type=\"text\/css\" data-created_by=\"avia_inline_auto\" id=\"style-css-av-av_hr-cc1ff43639e39b53b044745a2be790ea\">\n#top .hr.hr-invisible.av-av_hr-cc1ff43639e39b53b044745a2be790ea{\nheight:10px;\n}\n<\/style>\n<div  class='hr av-av_hr-cc1ff43639e39b53b044745a2be790ea hr-invisible  avia-builder-el-4  el_before_av_image  avia-builder-el-first '><span class='hr-inner '><span class=\"hr-inner-style\"><\/span><\/span><\/div><br \/>\n\n<style type=\"text\/css\" data-created_by=\"avia_inline_auto\" id=\"style-css-av-li4rjq0l-23d9b3187427bb2c5666fe6421252d5e\">\n.avia-image-container.av-li4rjq0l-23d9b3187427bb2c5666fe6421252d5e img.avia_image{\nbox-shadow:none;\n}\n.avia-image-container.av-li4rjq0l-23d9b3187427bb2c5666fe6421252d5e .av-image-caption-overlay-center{\ncolor:#ffffff;\n}\n<\/style>\n<div  class='avia-image-container av-li4rjq0l-23d9b3187427bb2c5666fe6421252d5e av-styling- avia-align-center  avia-builder-el-5  el_after_av_hr  el_before_av_hr '   itemprop=\"image\" itemscope=\"itemscope\" itemtype=\"https:\/\/schema.org\/ImageObject\" ><div class=\"avia-image-container-inner\"><div class=\"avia-image-overlay-wrap\"><img decoding=\"async\" class='wp-image-1116 avia-img-lazy-loading-not-1116 avia_image ' src=\"https:\/\/thinksmartlaw.es\/wp-content\/uploads\/2023\/06\/blanca.jpg\" alt='' title='blanca'  height=\"1080\" width=\"721\"  itemprop=\"thumbnailUrl\" srcset=\"https:\/\/thinksmartlaw.es\/wp-content\/uploads\/2023\/06\/blanca.jpg 721w, https:\/\/thinksmartlaw.es\/wp-content\/uploads\/2023\/06\/blanca-200x300.jpg 200w, https:\/\/thinksmartlaw.es\/wp-content\/uploads\/2023\/06\/blanca-688x1030.jpg 688w, https:\/\/thinksmartlaw.es\/wp-content\/uploads\/2023\/06\/blanca-471x705.jpg 471w\" sizes=\"(max-width: 721px) 100vw, 721px\" \/><\/div><\/div><\/div><br \/>\n\n<style type=\"text\/css\" data-created_by=\"avia_inline_auto\" id=\"style-css-av-av_hr-6aa2a14a08b78d928e732ca1e63c4969\">\n#top .hr.hr-invisible.av-av_hr-6aa2a14a08b78d928e732ca1e63c4969{\nheight:30px;\n}\n<\/style>\n<div  class='hr av-av_hr-6aa2a14a08b78d928e732ca1e63c4969 hr-invisible  avia-builder-el-6  el_after_av_image  el_before_av_textblock '><span class='hr-inner '><span class=\"hr-inner-style\"><\/span><\/span><\/div><br \/>\n<section  class='av_textblock_section av-li4rlppu-90ab3624d86a9a3d68d26f53bba63998 '   itemscope=\"itemscope\" itemtype=\"https:\/\/schema.org\/CreativeWork\" ><div class='avia_textblock'  itemprop=\"text\" ><p><strong>Email: <\/strong><a href=\"mailto:blanca.cortes@tslaw.es\"><strong>blanca.cortes@tslaw.es<\/strong><\/a><\/p>\n<p><strong>Tel: +34 610456569<\/strong><\/p>\n<\/div><\/section><\/p><\/div>\n<style type=\"text\/css\" data-created_by=\"avia_inline_auto\" id=\"style-css-av-av_hr-6aa2a14a08b78d928e732ca1e63c4969\">\n#top .hr.hr-invisible.av-av_hr-6aa2a14a08b78d928e732ca1e63c4969{\nheight:30px;\n}\n<\/style>\n<div  class='hr av-av_hr-6aa2a14a08b78d928e732ca1e63c4969 hr-invisible  avia-builder-el-8  el_after_av_one_third  el_before_av_button '><span class='hr-inner '><span class=\"hr-inner-style\"><\/span><\/span><\/div><\/p>\n<div  class='avia-button-wrap av-li4rr66c-c6e07dd40101ab66abeca76c574ce7c2-wrap avia-button-center  avia-builder-el-9  el_after_av_hr  el_before_av_hr '><a href='https:\/\/thinksmartlaw.es\/en\/team\/'  class='avia-button av-li4rr66c-c6e07dd40101ab66abeca76c574ce7c2 avia-icon_select-no avia-size-large avia-position-center avia-color-theme-color'  ><span class='avia_iconbox_title' >Back to Team<\/span><\/a><\/div>\n\n<style type=\"text\/css\" data-created_by=\"avia_inline_auto\" id=\"style-css-av-av_hr-6aa2a14a08b78d928e732ca1e63c4969\">\n#top .hr.hr-invisible.av-av_hr-6aa2a14a08b78d928e732ca1e63c4969{\nheight:30px;\n}\n<\/style>\n<div  class='hr av-av_hr-6aa2a14a08b78d928e732ca1e63c4969 hr-invisible  avia-builder-el-10  el_after_av_button  el_before_av_button '><span class='hr-inner '><span class=\"hr-inner-style\"><\/span><\/span><\/div>\n<div  class='avia-button-wrap av-li4rrrn0-b7dd3e7e0801fc7c1da0742bf29dabf4-wrap avia-button-center  avia-builder-el-11  el_after_av_hr  avia-builder-el-last '><a href='https:\/\/thinksmartlaw.es\/en\/contact\/'  class='avia-button av-li4rrrn0-b7dd3e7e0801fc7c1da0742bf29dabf4 avia-icon_select-no avia-size-large avia-position-center avia-color-dark'  ><span class='avia_iconbox_title' >Contact<\/span><\/a><\/div>\n","protected":false},"excerpt":{"rendered":"","protected":false},"author":1,"featured_media":0,"parent":590,"menu_order":440,"comment_status":"closed","ping_status":"closed","template":"","meta":[],"yoast_head":"<!-- This site is optimized with the Yoast SEO plugin v20.9 - https:\/\/yoast.com\/wordpress\/plugins\/seo\/ -->\n<title>Blanca Cort\u00e9s - ThinkSmartLaw<\/title>\n<meta name=\"robots\" content=\"index, follow, max-snippet:-1, max-image-preview:large, max-video-preview:-1\" \/>\n<link rel=\"canonical\" href=\"https:\/\/thinksmartlaw.es\/en\/team\/blanca-cortes\/\" \/>\n<meta name=\"twitter:label1\" content=\"Est. reading time\" \/>\n\t<meta name=\"twitter:data1\" content=\"4 minutes\" \/>\n<script type=\"application\/ld+json\" class=\"yoast-schema-graph\">{\"@context\":\"https:\/\/schema.org\",\"@graph\":[{\"@type\":\"WebPage\",\"@id\":\"https:\/\/thinksmartlaw.es\/en\/team\/blanca-cortes\/\",\"url\":\"https:\/\/thinksmartlaw.es\/en\/team\/blanca-cortes\/\",\"name\":\"Blanca Cort\u00e9s - ThinkSmartLaw\",\"isPartOf\":{\"@id\":\"https:\/\/thinksmartlaw.es\/#website\"},\"datePublished\":\"2023-05-26T16:16:27+00:00\",\"dateModified\":\"2023-06-02T13:22:17+00:00\",\"breadcrumb\":{\"@id\":\"https:\/\/thinksmartlaw.es\/en\/team\/blanca-cortes\/#breadcrumb\"},\"inLanguage\":\"en-US\",\"potentialAction\":[{\"@type\":\"ReadAction\",\"target\":[\"https:\/\/thinksmartlaw.es\/en\/team\/blanca-cortes\/\"]}]},{\"@type\":\"BreadcrumbList\",\"@id\":\"https:\/\/thinksmartlaw.es\/en\/team\/blanca-cortes\/#breadcrumb\",\"itemListElement\":[{\"@type\":\"ListItem\",\"position\":1,\"name\":\"Portada\",\"item\":\"https:\/\/thinksmartlaw.es\/en\/home\/\"},{\"@type\":\"ListItem\",\"position\":2,\"name\":\"Team\",\"item\":\"https:\/\/thinksmartlaw.es\/en\/team\/\"},{\"@type\":\"ListItem\",\"position\":3,\"name\":\"Blanca Cort\u00e9s\"}]},{\"@type\":\"WebSite\",\"@id\":\"https:\/\/thinksmartlaw.es\/#website\",\"url\":\"https:\/\/thinksmartlaw.es\/\",\"name\":\"ThinkSmartLaw\",\"description\":\"ThinkSmartLaw\",\"potentialAction\":[{\"@type\":\"SearchAction\",\"target\":{\"@type\":\"EntryPoint\",\"urlTemplate\":\"https:\/\/thinksmartlaw.es\/?s={search_term_string}\"},\"query-input\":\"required name=search_term_string\"}],\"inLanguage\":\"en-US\"}]}<\/script>\n<!-- \/ Yoast SEO plugin. -->","yoast_head_json":{"title":"Blanca Cort\u00e9s - ThinkSmartLaw","robots":{"index":"index","follow":"follow","max-snippet":"max-snippet:-1","max-image-preview":"max-image-preview:large","max-video-preview":"max-video-preview:-1"},"canonical":"https:\/\/thinksmartlaw.es\/en\/team\/blanca-cortes\/","twitter_misc":{"Est. reading time":"4 minutes"},"schema":{"@context":"https:\/\/schema.org","@graph":[{"@type":"WebPage","@id":"https:\/\/thinksmartlaw.es\/en\/team\/blanca-cortes\/","url":"https:\/\/thinksmartlaw.es\/en\/team\/blanca-cortes\/","name":"Blanca Cort\u00e9s - ThinkSmartLaw","isPartOf":{"@id":"https:\/\/thinksmartlaw.es\/#website"},"datePublished":"2023-05-26T16:16:27+00:00","dateModified":"2023-06-02T13:22:17+00:00","breadcrumb":{"@id":"https:\/\/thinksmartlaw.es\/en\/team\/blanca-cortes\/#breadcrumb"},"inLanguage":"en-US","potentialAction":[{"@type":"ReadAction","target":["https:\/\/thinksmartlaw.es\/en\/team\/blanca-cortes\/"]}]},{"@type":"BreadcrumbList","@id":"https:\/\/thinksmartlaw.es\/en\/team\/blanca-cortes\/#breadcrumb","itemListElement":[{"@type":"ListItem","position":1,"name":"Portada","item":"https:\/\/thinksmartlaw.es\/en\/home\/"},{"@type":"ListItem","position":2,"name":"Team","item":"https:\/\/thinksmartlaw.es\/en\/team\/"},{"@type":"ListItem","position":3,"name":"Blanca Cort\u00e9s"}]},{"@type":"WebSite","@id":"https:\/\/thinksmartlaw.es\/#website","url":"https:\/\/thinksmartlaw.es\/","name":"ThinkSmartLaw","description":"ThinkSmartLaw","potentialAction":[{"@type":"SearchAction","target":{"@type":"EntryPoint","urlTemplate":"https:\/\/thinksmartlaw.es\/?s={search_term_string}"},"query-input":"required name=search_term_string"}],"inLanguage":"en-US"}]}},"_links":{"self":[{"href":"https:\/\/thinksmartlaw.es\/en\/wp-json\/wp\/v2\/pages\/1083"}],"collection":[{"href":"https:\/\/thinksmartlaw.es\/en\/wp-json\/wp\/v2\/pages"}],"about":[{"href":"https:\/\/thinksmartlaw.es\/en\/wp-json\/wp\/v2\/types\/page"}],"author":[{"embeddable":true,"href":"https:\/\/thinksmartlaw.es\/en\/wp-json\/wp\/v2\/users\/1"}],"replies":[{"embeddable":true,"href":"https:\/\/thinksmartlaw.es\/en\/wp-json\/wp\/v2\/comments?post=1083"}],"version-history":[{"count":10,"href":"https:\/\/thinksmartlaw.es\/en\/wp-json\/wp\/v2\/pages\/1083\/revisions"}],"predecessor-version":[{"id":1126,"href":"https:\/\/thinksmartlaw.es\/en\/wp-json\/wp\/v2\/pages\/1083\/revisions\/1126"}],"up":[{"embeddable":true,"href":"https:\/\/thinksmartlaw.es\/en\/wp-json\/wp\/v2\/pages\/590"}],"wp:attachment":[{"href":"https:\/\/thinksmartlaw.es\/en\/wp-json\/wp\/v2\/media?parent=1083"}],"curies":[{"name":"wp","href":"https:\/\/api.w.org\/{rel}","templated":true}]}}